{"id":100,"date":"2017-03-05T19:11:27","date_gmt":"2017-03-05T18:11:27","guid":{"rendered":"http:\/\/szarak-kanczuga.pl\/?page_id=100"},"modified":"2017-03-05T19:25:26","modified_gmt":"2017-03-05T18:25:26","slug":"gospodarka-lowiecka","status":"publish","type":"page","link":"https:\/\/szarak-kanczuga.pl\/index.php\/gospodarka-lowiecka\/","title":{"rendered":"Gospodarka \u0142owiecka"},"content":{"rendered":"<p><strong>Gospodarka \u0142owiecko-hodowlana w latach 1998-2008<\/strong><\/p>\n<p>Ko\u0142o \u0142owieckie prowadzi swoj\u0105 dzia\u0142alno\u015b\u0107 na trzech obwodach \u0142owieckich zaliczanych do kategorii (bardzo s\u0142aby) le\u017c\u0105cych w granicach administracyjnych Nadle\u015bnictwa Ka\u0144czuga.<\/p>\n<p>Obw\u00f3d \u0142owiecki nr 35 o powierzchni 6 388 ha, w tym 245 ha grunt\u00f3w le\u015bnych i ok. 1770 ha powierzchni wy\u0142\u0105czonej z gospodarki \u0142owieckiej, obecnie gospodarzem obw<sup>r<\/sup>odu jest Mieczys\u0142aw Tarczyd\u0142o. Cech\u0105 charakterystyczn\u0105 tego obwodu jest z jednej strony teren bardzo pofa\u0142dowany, o du\u017cej liczbie ugor\u00f3w, potok\u00f3w poro\u015bni\u0119tych samosiewami drzew i odrost\u00f3w krzew\u00f3w, co stwarza idealne warunki dla bytowania m.in. dzik\u00f3w, jeleni, sarny czy lis\u00f3w, a z drugiej strony tereny o wysokiej kulturze rolnej czego efektem s\u0105 coraz wi\u0119ksze szkody w uprawach rolnych na terenach gdzie do tej pory zjawisko to nie wyst\u0119powa\u0142o. W obwodzie tym ko\u0142o posiada 5 pa\u015bnik\u00f3w, 20 ambon, 68 lizawek, 2 ha poletek \u017cerowo-zgryzowych. W okresie jesienno-zimowym ko\u0142o wyk\u0142ada ok. 7 ton karmy soczystej, 7 ton karmy tre\u015bciweji ok. 200 kg soli.<\/p>\n<p>Obw\u00f3d \u0142owiecki nr 36 o powierzchni 5 382 ha, w tym 69 ha grunt\u00f3w le\u015bnych i ok. 1 219 ha pow. Wy\u0142\u0105czonej z gospodarki \u0142owieckiej, obecnie gospodarzem obwodu jest kol. W\u0142adys\u0142aw P\u0142ocica. W obwodzie tym ko\u0142o posiada 5 pa\u015bnik\u00f3w, 50 lizawek, 4 ambony 1,8 ha poletek \u0142owieckich. Cech\u0105 charakterystyczn\u0105 tego obwodu jest du\u017ca kultura rolna, a role remiz \u015br\u00f3dpolnych spe\u0142niaj\u0105 plantacje malin, porzeczek oraz sady owocowe. W okresie jesienno-zimowym ko\u0142o wyk\u0142ada ok. 6 ton karmy soczystej, 5 ton tre\u015bciwej i ok. 200 kg soli.<\/p>\n<p>Obw\u00f3d \u0142owiecki nr 42 o powierzchni 5 455 ha, w tym 965 ha grunt\u00f3w le\u015bnych, obecnie gospodarzem obwodu jest kol. Rafa\u0142 Zygmunt. W obwodzie tym ko\u0142o posiada 12 pa\u015bnik\u00f3w, 120 lizawek, 27 ambon, trzy poletka o \u0142\u0105cznej powierzchni 4 ha oraz pas zaporowy 0,2km. Cech\u0105 charakterystyczn\u0105 obw. 42 jest bardzo du\u017ca ilo\u015b\u0107 ugor\u00f3w i nowych ogrodzonych zalesie\u0144, co w skali ca\u0142ego obwodu wynosi ok. 1 317 ha grunt\u00f3w&#8217; wy\u0142\u0105czonych z gospodarki \u0142owiecko-hodowlanej. Mocno pofa\u0142dowany teren oraz pozostawione nieu\u017cytki rolne sta\u0142y si\u0119 ostoj\u0105 m.in. dla dzik\u00f3w i jeleni wyrz\u0105dzaj\u0105cych du\u017ce szkody w uprawach rolnych, za kt\u00f3re ko\u0142o zmuszone jest w ostatnich latach wyp\u0142aca\u0107 coraz wi\u0119ksze odszkodowania rolnikom za poniesione straty. Aby zminimalizowa\u0107 szkody ko\u0142o dodatkowo w obw. 42 wyk\u0142ada ok. 16 ton karmy soczystej, 5 ton tre\u015bciwej i ok. 300 kg soli.<\/p>\n<p>Ko\u0142o w ramach programu poprawy bytowania zwierzyny drobnej prowadzi coroczn\u0105 introdukcje ba\u017canta, jak r\u00f3wnie\u017c w znacznym stopniu ogranicza populacje lisa poprzez intensywny odstrza\u0142 drapie\u017cnika oraz walk\u0119 z k\u0142usownictwem. Nie zapomina r\u00f3wnie\u017c o zwierzynie drobnej w okresie zimowym, buduj\u0105c podsypy dla ptactw a i prowadz\u0105c dokarmianie.<\/p>\n<p>Opr\u00f3cz dzia\u0142alno\u015bci hodowlanej wykonywane s\u0105 polowania i pozyskiwanie zwierzyny co przedstawiaj\u0105 poni\u017csze tabele w<sup>r<\/sup> poszczeg\u00f3lnych obwodach w minionym dziesi\u0119cioleciu.<\/p>\n<p>Ko\u0142o ponosz\u0105c coraz wi\u0119ksze koszty utrzymania w ostatnich latach zmuszone jest do sprzeda\u017cy polowa\u0144 dla my\u015bliwych zagranicznych. Corocznie przeprowadzane s\u0105 te\u017c szkolenia z zakresu bezpiecze\u0144stw a oraz przystrzeliwania broni, jak r\u00f3wnie\u017c przypominane s\u0105 zasady etyki \u0142owieckiej.<\/p>\n<p>Ko\u0142o \u0141owieckie \u201eSzarak&#8221; ma charakter otwarty, o czym \u015bwiadczy coroczny nap\u0142yw nowych kandydat\u00f3w na my\u015bliwych. Ko\u0142o wsp\u00f3\u0142pracuje r\u00f3wnie\u017c ze wszystkimi jednostkami administracji terenowej i Las\u00f3w Pa\u0144stwowych. Kierownicy tych organ\u00f3w s\u0105 najcz\u0119\u015bciej sympatykami \u0142owiectwa i przyjaci\u00f3\u0142mi my\u015bliwych, s\u0142u\u017c\u0105 czynn\u0105 pomoc\u0105 w organizacji imprez okoliczno\u015bciowych o charakterze lokalnym i regionalnym. Wielu cz\u0142onk\u00f3w ko\u0142a aktywnie pracuje na rzecz \u015brodowiska pe\u0142ni\u0105c funkcje w organach samorz\u0105du terytorialnego.<\/p>\n<p>Jan Zygmunt<\/p>\n","protected":false},"excerpt":{"rendered":"<p>Gospodarka \u0142owiecko-hodowlana w latach 1998-2008 Ko\u0142o \u0142owieckie prowadzi swoj\u0105 dzia\u0142alno\u015b\u0107 na trzech obwodach \u0142owieckich zaliczanych do kategorii (bardzo s\u0142aby) le\u017c\u0105cych w granicach administracyjnych Nadle\u015bnictwa Ka\u0144czuga. Obw\u00f3d \u0142owiecki nr 35 o powierzchni 6 388 ha, w tym 245 ha grunt\u00f3w le\u015bnych &hellip; <a href=\"https:\/\/szarak-kanczuga.pl\/index.php\/gospodarka-lowiecka\/\">Czytaj dalej <span class=\"meta-nav\">&rarr;<\/span><\/a><\/p>\n","protected":false},"author":1,"featured_media":0,"parent":0,"menu_order":0,"comment_status":"closed","ping_status":"closed","template":"","meta":{"_monsterinsights_skip_tracking":false,"_monsterinsights_sitenote_active":false,"_monsterinsights_sitenote_note":"","_monsterinsights_sitenote_category":0,"ngg_post_thumbnail":0,"footnotes":""},"class_list":["post-100","page","type-page","status-publish","hentry"],"_links":{"self":[{"href":"https:\/\/szarak-kanczuga.pl\/index.php\/wp-json\/wp\/v2\/pages\/100"}],"collection":[{"href":"https:\/\/szarak-kanczuga.pl\/index.php\/wp-json\/wp\/v2\/pages"}],"about":[{"href":"https:\/\/szarak-kanczuga.pl\/index.php\/wp-json\/wp\/v2\/types\/page"}],"author":[{"embeddable":true,"href":"https:\/\/szarak-kanczuga.pl\/index.php\/wp-json\/wp\/v2\/users\/1"}],"replies":[{"embeddable":true,"href":"https:\/\/szarak-kanczuga.pl\/index.php\/wp-json\/wp\/v2\/comments?post=100"}],"version-history":[{"count":3,"href":"https:\/\/szarak-kanczuga.pl\/index.php\/wp-json\/wp\/v2\/pages\/100\/revisions"}],"predecessor-version":[{"id":113,"href":"https:\/\/szarak-kanczuga.pl\/index.php\/wp-json\/wp\/v2\/pages\/100\/revisions\/113"}],"wp:attachment":[{"href":"https:\/\/szarak-kanczuga.pl\/index.php\/wp-json\/wp\/v2\/media?parent=100"}],"curies":[{"name":"wp","href":"https:\/\/api.w.org\/{rel}","templated":true}]}}