{"id":197,"date":"2017-03-06T07:28:59","date_gmt":"2017-03-06T06:28:59","guid":{"rendered":"http:\/\/szarak-kanczuga.pl\/?page_id=197"},"modified":"2017-03-06T07:55:31","modified_gmt":"2017-03-06T06:55:31","slug":"historia","status":"publish","type":"page","link":"https:\/\/szarak-kanczuga.pl\/index.php\/historia\/","title":{"rendered":"Historia"},"content":{"rendered":"<p>Historia w oparciu o materia\u0142y archiwalne<br \/>\nOpracowa\u0142: Stanis\u0142aw Pakla<\/p>\n<p>Rok 1998 jest rokiem jubileuszowym. Jak ka\u017cdy jubileusz, tak i ten, stwarza okazj\u0119 do i zastanowienia si\u0119 nad przebyt\u0105 drog\u0105.<\/p>\n<p>Dla pe\u0142niejszego wizerunku naszego ko\u0142a przeprowadzili\u015bmy analiz\u0119 naszej historii w oparciu o archiwa , wspomnienia oraz przekazy ludzi najd\u0142u\u017cej zwi\u0105zanych z my\u015blistwem na tym terenie.<\/p>\n<p>Je\u015bli powr\u00f3cimy my\u015bl\u0105 do \u017cmudnych pocz\u0105tk\u00f3w &#8211; trzeba wspomnie\u0107 tych, kt\u00f3rzy swoj\u0105 bezinteresown\u0105 prac\u0105 i zaanga\u017cowaniem tworzyli to, z czego obecnie korzystamy.<\/p>\n<p>Pami\u0119\u0107 o Nich i ich czynach nie powinna zagin\u0105\u0107. Dane archiwalne wykazuj\u0105, \u017ce z Przeworska w dniu 13 wrze\u015bnia 1948 r. zosta\u0142 oddelegowany J\u00f3zef \u017by\u0142a w celu nadzoru<br \/>\norganizowania ko\u0142a \u0142owieckiego w Ka\u0144czudze. G\u0142\u00f3wnymi za\u0142o\u017cycielami tego ko\u0142a byli:<br \/>\nStanis\u0142aw Zaj\u0105c, Jan Chmura, Marian K\u0105dzio\u0142a i Stanis\u0142aw Grzebyk, o czym \u015bwiadcz\u0105 legitymacje my\u015bliwskie z lat 1945-1947<\/p>\n<p><a href=\"http:\/\/szarak-kanczuga.pl\/index.php\/historia\/legitymacja\/\" rel=\"attachment wp-att-205\"><img loading=\"lazy\" decoding=\"async\" class=\"alignnone size-medium wp-image-205\" src=\"http:\/\/szarak-kanczuga.pl\/wp-content\/uploads\/2017\/03\/legitymacja-300x184.png\" alt=\"\" width=\"300\" height=\"184\" srcset=\"https:\/\/szarak-kanczuga.pl\/wp-content\/uploads\/2017\/03\/legitymacja-300x184.png 300w, https:\/\/szarak-kanczuga.pl\/wp-content\/uploads\/2017\/03\/legitymacja.png 618w\" sizes=\"(max-width: 300px) 100vw, 300px\" \/><\/a><\/p>\n<p><a href=\"http:\/\/szarak-kanczuga.pl\/index.php\/historia\/legitymacje\/\" rel=\"attachment wp-att-207\"><img loading=\"lazy\" decoding=\"async\" class=\"alignnone size-medium wp-image-207\" src=\"http:\/\/szarak-kanczuga.pl\/wp-content\/uploads\/2017\/03\/legitymacje-256x300.jpg\" alt=\"\" width=\"256\" height=\"300\" srcset=\"https:\/\/szarak-kanczuga.pl\/wp-content\/uploads\/2017\/03\/legitymacje-256x300.jpg 256w, https:\/\/szarak-kanczuga.pl\/wp-content\/uploads\/2017\/03\/legitymacje.jpg 635w\" sizes=\"(max-width: 256px) 100vw, 256px\" \/><\/a><\/p>\n<p>W czasie II wojny \u015bwiatowej stan zwierzyny zosta\u0142 katastrofalnie przetrze\u00adbiony.<\/p>\n<p>My\u015bliwi podj\u0119li nie\u00ad\u0142atwy trud odbudowy pog\u0142owia zwierzyny. Dzi\u0119ki zaanga\u017cowaniu tych ludzi o\u017cy\u0142y nasze pola i knieje. Odbudowano pog\u0142o wie kuropatw, ba\u017can\u00adt\u00f3w, samy, dzika i jelenia. Ma w tym wk\u0142ad nasze ko\u0142o, a szczeg\u00f3lnie jego za\u0142o\u017cyciele.<\/p>\n<p class=\"Teksttreci2\" style=\"text-indent: 39.0pt; background: transparent;\"><span style=\"color: black;\">W dawnych czasach polowanie by\u0142o przywilejem panuj\u0105cych kr\u00f3l\u00f3w i szlachty. Obecnie polowaniem pasjonuje si\u0119 naukowiec, artysta, lekarz, literat, ch\u0142op i robotnik. Wszyscy wsp\u00f3lnie zajmuj\u0105 si\u0119 \u0142owiectwem, a tak\u017ce hodowl\u0105 i ochron\u0105 zwierzyny.<br \/>\n<\/span><span style=\"color: black;\">Archiwalne dokumenty 1945 &#8211; 1960 \u015bwiadcz\u0105 o istnieniu Ko\u0142a \u201cJele\u0144\u201d w Ka\u0144czudze<\/span><span style=\"color: black;\">od 13.09.1948r. W 1954r. Ko\u0142o otrzymuje nazw\u0119 Nr24, a nast\u0119pnie Nr2.<br \/>\n<\/span><span style=\"color: black;\">W 1957 r. wyst\u0119puje nazwa Ko\u0142a \u201cSzarak\u201d. Pierwszym prezesem ko\u0142a by\u0142: Stanis\u0142aw Zaj\u0105c, \u0142owczym &#8211; Babij J\u00f3zef &#8211; nauczyciel, za\u015b sekretarzem -ChmuraJan- rolnik.<\/span><\/p>\n<p><a href=\"http:\/\/szarak-kanczuga.pl\/index.php\/historia\/str-5\/\" rel=\"attachment wp-att-208\"><img loading=\"lazy\" decoding=\"async\" class=\"alignnone size-medium wp-image-208\" src=\"http:\/\/szarak-kanczuga.pl\/wp-content\/uploads\/2017\/03\/str-5-300x207.jpg\" alt=\"\" width=\"300\" height=\"207\" srcset=\"https:\/\/szarak-kanczuga.pl\/wp-content\/uploads\/2017\/03\/str-5-300x207.jpg 300w, https:\/\/szarak-kanczuga.pl\/wp-content\/uploads\/2017\/03\/str-5-768x530.jpg 768w, https:\/\/szarak-kanczuga.pl\/wp-content\/uploads\/2017\/03\/str-5-1024x706.jpg 1024w, https:\/\/szarak-kanczuga.pl\/wp-content\/uploads\/2017\/03\/str-5.jpg 1147w\" sizes=\"(max-width: 300px) 100vw, 300px\" \/><\/a><\/p>\n<p class=\"Teksttreci2\" style=\"text-indent: 39.0pt; background: transparent;\"><a href=\"http:\/\/szarak-kanczuga.pl\/index.php\/historia\/str-5\/\" rel=\"attachment wp-att-208\"><br \/>\n<\/a><a href=\"http:\/\/szarak-kanczuga.pl\/index.php\/historia\/str-5b\/\" rel=\"attachment wp-att-209\"><img loading=\"lazy\" decoding=\"async\" class=\"alignnone size-medium wp-image-209\" src=\"http:\/\/szarak-kanczuga.pl\/wp-content\/uploads\/2017\/03\/str-5b-256x300.jpg\" alt=\"\" width=\"256\" height=\"300\" srcset=\"https:\/\/szarak-kanczuga.pl\/wp-content\/uploads\/2017\/03\/str-5b-256x300.jpg 256w, https:\/\/szarak-kanczuga.pl\/wp-content\/uploads\/2017\/03\/str-5b.jpg 761w\" sizes=\"(max-width: 256px) 100vw, 256px\" \/><\/p>\n<p><\/a><\/p>\n<p>&nbsp;<\/p>\n","protected":false},"excerpt":{"rendered":"<p>Historia w oparciu o materia\u0142y archiwalne Opracowa\u0142: Stanis\u0142aw Pakla Rok 1998 jest rokiem jubileuszowym. Jak ka\u017cdy jubileusz, tak i ten, stwarza okazj\u0119 do i zastanowienia si\u0119 nad przebyt\u0105 drog\u0105. Dla pe\u0142niejszego wizerunku naszego ko\u0142a przeprowadzili\u015bmy analiz\u0119 naszej historii w oparciu &hellip; <a href=\"https:\/\/szarak-kanczuga.pl\/index.php\/historia\/\">Czytaj dalej <span class=\"meta-nav\">&rarr;<\/span><\/a><\/p>\n","protected":false},"author":1,"featured_media":0,"parent":0,"menu_order":0,"comment_status":"closed","ping_status":"closed","template":"","meta":{"_monsterinsights_skip_tracking":false,"_monsterinsights_sitenote_active":false,"_monsterinsights_sitenote_note":"","_monsterinsights_sitenote_category":0,"ngg_post_thumbnail":0,"footnotes":""},"class_list":["post-197","page","type-page","status-publish","hentry"],"_links":{"self":[{"href":"https:\/\/szarak-kanczuga.pl\/index.php\/wp-json\/wp\/v2\/pages\/197"}],"collection":[{"href":"https:\/\/szarak-kanczuga.pl\/index.php\/wp-json\/wp\/v2\/pages"}],"about":[{"href":"https:\/\/szarak-kanczuga.pl\/index.php\/wp-json\/wp\/v2\/types\/page"}],"author":[{"embeddable":true,"href":"https:\/\/szarak-kanczuga.pl\/index.php\/wp-json\/wp\/v2\/users\/1"}],"replies":[{"embeddable":true,"href":"https:\/\/szarak-kanczuga.pl\/index.php\/wp-json\/wp\/v2\/comments?post=197"}],"version-history":[{"count":5,"href":"https:\/\/szarak-kanczuga.pl\/index.php\/wp-json\/wp\/v2\/pages\/197\/revisions"}],"predecessor-version":[{"id":214,"href":"https:\/\/szarak-kanczuga.pl\/index.php\/wp-json\/wp\/v2\/pages\/197\/revisions\/214"}],"wp:attachment":[{"href":"https:\/\/szarak-kanczuga.pl\/index.php\/wp-json\/wp\/v2\/media?parent=197"}],"curies":[{"name":"wp","href":"https:\/\/api.w.org\/{rel}","templated":true}]}}