{"id":215,"date":"2017-03-06T07:58:05","date_gmt":"2017-03-06T06:58:05","guid":{"rendered":"http:\/\/szarak-kanczuga.pl\/?page_id=215"},"modified":"2017-03-06T08:00:15","modified_gmt":"2017-03-06T07:00:15","slug":"historia-cz-2","status":"publish","type":"page","link":"https:\/\/szarak-kanczuga.pl\/index.php\/historia-cz-2\/","title":{"rendered":"Historia cz. 2"},"content":{"rendered":"<p>Historia powstania ko\u0142a w opracowaniu Zbigniewa Zaj\u0105ca<\/p>\n<p><a href=\"http:\/\/szarak-kanczuga.pl\/index.php\/historia-cz-2\/czlokonkowie-kola-w-latach-70-tych\/\" rel=\"attachment wp-att-220\"><img loading=\"lazy\" decoding=\"async\" class=\"size-medium wp-image-220\" src=\"http:\/\/szarak-kanczuga.pl\/wp-content\/uploads\/2017\/03\/czlokonkowie-kola-w-latach-70-tych-300x188.png\" alt=\"\" width=\"300\" height=\"188\" srcset=\"https:\/\/szarak-kanczuga.pl\/wp-content\/uploads\/2017\/03\/czlokonkowie-kola-w-latach-70-tych-300x188.png 300w, https:\/\/szarak-kanczuga.pl\/wp-content\/uploads\/2017\/03\/czlokonkowie-kola-w-latach-70-tych.png 630w\" sizes=\"(max-width: 300px) 100vw, 300px\" \/><br \/>\n<\/a>Cz\u0142onkowie ko\u0142a w latach 70-tych<\/p>\n<p>Po wyzwoleniu Polski w 1945 r. my\u015blistwo i polowania odbywa\u0142y si\u0119 na zasadach przedwojennych. My\u015bliwi, a raczej sympatycy i mi\u0142o\u015bnicy my\u015blistwa dzier\u017cawili tereny w poszczeg\u00f3lnych wsiach. Problem by\u0142 w uzyskaniu pozwolenia na posiadanie broni, bo \u00f3wczesne w\u0142adze bezpiecze\u0144stwa nie ka\u017cdemu ufa\u0142y.<\/p>\n<p>Na terenie gminy Ka\u0144czuga my\u015bliwi zaczynali sw\u0105 dzia\u0142alno\u015b\u0107 od hodowli i ochrony pozosta\u0142ych przy \u017cyciu zaj\u0119cy i kuropatw oraz \u015bladowej ilo\u015bci samy. Wydano bezwarunkow\u0105 walk\u0119 wszelkim rodzajom k\u0142usownictwa i szkodnikom \u0142owieckim, a przede wszystkim lisom. Nie spos\u00f3b nie wspomnie\u0107 tu epizodu z \u017cycia my\u015bliwskiego Kol. Stanis\u0142awa Zaj\u0105ca . kt\u00f3ry poluj\u0105c na lisa w korycie rzeki Mleczki, w zaro\u015blach zamiast niego zastrzeli\u0142 zaj\u0105ca, a gdy si\u0119 okaza\u0142o, \u017ce by\u0142a to kotka niemal nie p\u0142aka\u0142.<\/p>\n<p>Nale\u017cy wspomnie\u0107, \u017ce na dzier\u017cawionych polach wsi Zag\u00f3rze gospodarowa\u0142 Kol. Antoni Sk\u00f3ra, polach Medyni Ka\u0144cz. i Krzeczowic Kol. Stanis\u0142aw Zaj\u0105c, polach Urzejowdc i Mikulic Kol. Jan Brzezowski i Kol. Jan Komenda, polach Ka\u0144czugi Kol. Jan Zawada, polach \u017buklina Kol. Walenty Sobczak, polach Pantalowic Kol. J\u00f3zef \u017by\u0142a. polach \u0141opuszki Wielkiej Kol. Micha\u0142 Kulas i Kol. Franciszek Wilk. polach Siedleczki Kol. Jan Chmura, polach Manasterza Kol. Jan Kielich, polach Markowej Kol. W\u0142adys\u0142aw Niemczak. polach Sieteszy Kol. Marcin K\u0105dzio\u0142ka i w tym miejscu pragn\u0119 przeprosi\u0107 tych Koleg\u00f3w, my\u015bliwych, kt\u00f3rzy uszli mojej pami\u0119ci. Na usprawiedliwienie wspomn\u0119, \u017ce w\u00f3wczas mia\u0142em 12 lat a dzisiaj 65.<\/p>\n<p>Wymienieni przeze mnie wcze\u015bniej Kol. my\u015bliwi utrzymywali ze sob\u0105 bardzo kole\u017ce\u0144skie i serdeczne stosunki, wsp\u00f3\u0142pracowali ze sob\u0105. Wi\u0119kszo\u015b\u0107 z nich by\u0142a od pocz\u0105tku cz\u0142onkami Polskiego Zwi\u0105zku \u0141owieckiego.<\/p>\n<p>Tak up\u0142yn\u0119\u0142y trzy lata indywidualnego gospodarowania \u0142owieckiego. W trakcie spotkania kole\u017ce\u0144skiego Kol. Stanis\u0142aw Zaj\u0105c podda\u0142 my\u015bl o za\u0142o\u017ceniu Ko\u0142a \u0141owieckiego, kt\u00f3ry jako cz\u0142onek Powiatowej Rady \u0141owieckiej w Przeworsku, mia\u0142 szczeg\u00f3lne uznanie w\u015br\u00f3d braci my\u015bliwskiej. Zosta\u0142 zg\u0142oszony wniosek o zarejestrowanie Ko\u0142a \u0141ow ieckiego \u201c Jele\u0144 \u201d w Ka\u0144czudze w Wojew\u00f3dzkiej Radzie \u0141ow ieckiej w Rzeszowie. Pierwszym dokumentem jest skierowanie na zebranie za\u0142o\u017cycielskie ko\u0142a Kol. J\u00f3zefa \u017by\u0142a cz\u0142onka Wojew\u00f3dzkiej Rady \u0141owieckiej w Rzeszowie i wpisanie dorejestru Ko\u0142a \u0141owieckiego \u201cJele\u0144&#8221; w Ka\u0144czudze &#8211; co mia\u0142o miejsce dnia 13 wrze\u015bnia 1948 r.<\/p>\n<p>Pierwszy Zarz\u0105d Ko\u0142a \u0141owieckiego \u201cJele\u0144\u201d w Ka\u0144czudze by\u0142 skromny &#8211; sk\u0142ada\u0142 si\u0119 z trzech os\u00f3b: funkcj\u0119 Prezesa i \u0141owczego powierzono Kol. Stanis\u0142awowi Zaj\u0105cowi, Sekretarza Kol. Janowi Chmurze, a Skarbnika Kol. J\u00f3zefowi \u017byle.Pozostali cz\u0142onkowie to: Kol. Jan Komenda. Kol. Jan Brzezowski. Kol. Jan Kielich, Kol. Antoni Sk\u00f3ra. Kol. Franciszek Wilk. Kol. Micha\u0142 Kulas, Kol. W\u0142adys\u0142aw Niemczak, Kol. Walenty Sobczak. Kol. Tadeusz Zaj\u0105c, Kol. Jan Zawada, Kol. Marcin K\u0105dzio\u0142ka.<\/p>\n<p>Od tej daty zacz\u0119\u0142a si\u0119 dzia\u0142alno\u015b\u0107 Ko\u0142a, kt\u00f3re gospodarowa\u0142o w granicach od p\u00f3\u0142nocy po Urzejowdce, Bia\u0142oboki. Ga\u0107. Markow\u0105; od zachodu Hus\u00f3w, Hadle Szklarskie; na po\u0142udnie Widacz\u00f3w. Hucisko. R\u0105czyna i od wschodu Rozb\u00f3rz, .Czudowice, \u017burawiczki. Wszyscy cz\u0142onkowie Ko\u0142a byli zarazem stra\u017cnikami \u0142owieckimi i gospodarzami. Zako\u0144czy\u0142 si\u0119 czas polowa\u0144 indywidualnych \u201cna deptaka\u201d, polowano zbiorowo \u201cw kot\u0142y\u201d, pieczo\u0142owicie kultywuj\u0105c tradycje \u0142owieckie, pocz\u0105w-szy od pokotu a ko\u0144czywszy na wieczorku z bigosem suto zakrapianym, bo jak\u017ce bez tego ostatniego przesz\u0142yby przez gard\u0142o opowiadania przyg\u00f3d i wra\u017ce\u0144 my\u015bliwskich.<\/p>\n<p>W nied\u0142ugim czasie Ko\u0142o nasze za swoj\u0105 gospodarno\u015b\u0107 uzyska\u0142o uznanie w\u0142adz Wojew\u00f3dzkich PZ\u0141 w Rzeszowie i s\u0105siedzkich K\u00f3\u0142 a zw\u0142aszcza z przyjacielskim Ko\u0142em w Przeworsku, kt\u00f3rego cz\u0142onkowie byli zapraszani na polowania do nas i rewan\u017cowali si\u0119 zaproszeniami dla naszych Koleg\u00f3w. Pragn\u0119 podzieli\u0107 si\u0119 tutaj wra\u017ceniami z polowania, w kt\u00f3rym bra\u0142 udzia\u0142 razem z innymi go\u015b\u0107mi \u0141owczy Wojew\u00f3dzki Kol. Rajchert. By\u0142o to w \u0142owisku Mikulice &#8211; Ni\u017catyce. Gospodarzem polowania by\u0142 Kol. Stanis\u0142aw Zaj\u0105c. Po zamkni\u0119ciu \u201ckot\u0142a&#8221; i ruszeniu pe\u0142n\u0105 par\u0105 (p\u0119dzonych zaj\u0119cy by\u0142o jak mr\u00f3wek w mrowisku), uczestnicy polow ania nie nad\u0105\u017cali \u0142adowa\u0107 broni, tylko Kol. Rajchert si\u0119 nie \u015bpieszy\u0142 z \u0142adowaniem broni i oddawaniem strza\u0142\u00f3w. Wida\u0107 by\u0142o w jego zachow aniu zachwyt a kiedy po zako\u0144czonym miocie Kol. Zaj\u0105c zapyla\u0142 Kol. \u0141owczego, dlaczego tylko trzy zaj\u0105czki pozyska\u0142, on odpowiedzia\u0142: Kol. Stanis\u0142awie to polowanie nale\u017ca\u0142o filmowa\u0107, pozostanie ono w mojej pami\u0119ci do ko\u0144ca moich dni. Po zako\u0144czeniu polowania na pokocie le\u017ca\u0142o 368 zaj\u0119cy i lis a na wieczorku nie by\u0142o ko\u0144ca opowiadania wra\u017ce\u0144, anegdot i kawa\u0142\u00f3w my\u015bliwskich a ja jako 15-to letni ch\u0142opak z otwartymi ustami s\u0142ucha\u0142em tego wszystkiego. Nast\u0119pnie nadesz\u0142a moda na anonimowo\u015b\u0107 w zw i\u0105zku \u0142owieckim i tak z Ko\u0142a \u201cJele\u0144\u201d zrobi\u0142o si\u0119 Ko\u0142o Nr 21 a nast\u0119pnie Nr 24 w Ka\u0144czudze. Nie w szyscy Kol. zgadzali si\u0119 z t\u0105 odg\u00f3rn\u0105 zmian\u0105 nazwy Ko\u0142a na Nr Ko\u0142a. Na szcz\u0119\u015bcie trwa\u0142o to nied\u0142ugo. Ko\u0142o przyj\u0119\u0142o nazw\u0119 \u201cSzarak&#8221; i z t\u0105 nazw\u0105 trwa do dzi\u015b.<\/p>\n<p>Nale\u017cy powiedzie\u0107, \u017ce uznanie dla dzia\u0142alno\u015bci Naszego Ko\u0142a zawdzi\u0119cza\u0107 mo\u017cemy olbrzymiemu zaanga\u017cowaniu za\u0142o\u017cycieli Ko\u0142a, ich bezinteresownej pracy w zagospodaro\u00adwaniu dzier\u017cawionych obwod\u00f3w i ich ochronie.<\/p>\n<p>Z \u017calem trzeba powiedzie\u0107, \u017ce \u017cadnego z za\u0142o\u017cycieli dzisiaj w\u00a0tak pi\u0119kny, \u201cZ\u0142oty Jubileusz\u201d nie ma w\u015br\u00f3d nas &#8211; odeszli do Krainy Wiecznych \u0141ow\u00f3w.<\/p>\n<p class=\"Teksttreci20\" style=\"margin-bottom: 19.05pt; background: transparent;\"><span style=\"color: black;\">Bardzo ch\u0119tnie wst\u0119powali do Naszego Kola nowi cz\u0142onkowie, dzi\u0119ki kt\u00f3rym szeregi ko\u0142a powi\u0119ksza\u0142y si\u0119. W\u015br\u00f3d nich wielu by\u0142o takich, kt\u00f3rzy swoje szlify my\u015bliwskie zdobywali w&gt; Naszym Kole za\u015b w przysz\u0142o\u015bci znale\u017ali si\u0119 w Naczelnych W\u0142adzach PZ\u0141 i tu pozwol\u0119 sobie wymieni\u0107 Koleg\u00f3w: Kol. Stanis\u0142aw Wo\u0142oszyn cz\u0142onek Naczelnej Rady \u0141owieckiej Kol. Bronis\u0142aw Rut cz\u0142onek Wojew\u00f3dzkiej Rady \u0141owieckiej w Przemy\u015blu, obecnie d\u0142ugoletni \u0141owczy K. \u0141. &#8220;Ba\u017cant\u201d w Przeworsku. Kol.J\u00f3zef Piku\u0142a cz\u0142onek Wojew\u00f3dzkiej Rady \u0141owieckiej w Przemy\u015blu, Kol. Stanis\u0142aw Mazur zast\u0119pca Rzecznika Dyscyplin WR\u0141 w Przemy\u015blu. Kol. Roman Sk\u00f3rski cz\u0142onek Komisji Rewizyjnej WR\u0141 w Przemy\u015blu.<\/span><\/p>\n","protected":false},"excerpt":{"rendered":"<p>Historia powstania ko\u0142a w opracowaniu Zbigniewa Zaj\u0105ca Cz\u0142onkowie ko\u0142a w latach 70-tych Po wyzwoleniu Polski w 1945 r. my\u015blistwo i polowania odbywa\u0142y si\u0119 na zasadach przedwojennych. My\u015bliwi, a raczej sympatycy i mi\u0142o\u015bnicy my\u015blistwa dzier\u017cawili tereny w poszczeg\u00f3lnych wsiach. Problem by\u0142 &hellip; <a href=\"https:\/\/szarak-kanczuga.pl\/index.php\/historia-cz-2\/\">Czytaj dalej <span class=\"meta-nav\">&rarr;<\/span><\/a><\/p>\n","protected":false},"author":1,"featured_media":0,"parent":0,"menu_order":0,"comment_status":"closed","ping_status":"closed","template":"","meta":{"_monsterinsights_skip_tracking":false,"_monsterinsights_sitenote_active":false,"_monsterinsights_sitenote_note":"","_monsterinsights_sitenote_category":0,"ngg_post_thumbnail":0,"footnotes":""},"class_list":["post-215","page","type-page","status-publish","hentry"],"_links":{"self":[{"href":"https:\/\/szarak-kanczuga.pl\/index.php\/wp-json\/wp\/v2\/pages\/215"}],"collection":[{"href":"https:\/\/szarak-kanczuga.pl\/index.php\/wp-json\/wp\/v2\/pages"}],"about":[{"href":"https:\/\/szarak-kanczuga.pl\/index.php\/wp-json\/wp\/v2\/types\/page"}],"author":[{"embeddable":true,"href":"https:\/\/szarak-kanczuga.pl\/index.php\/wp-json\/wp\/v2\/users\/1"}],"replies":[{"embeddable":true,"href":"https:\/\/szarak-kanczuga.pl\/index.php\/wp-json\/wp\/v2\/comments?post=215"}],"version-history":[{"count":3,"href":"https:\/\/szarak-kanczuga.pl\/index.php\/wp-json\/wp\/v2\/pages\/215\/revisions"}],"predecessor-version":[{"id":221,"href":"https:\/\/szarak-kanczuga.pl\/index.php\/wp-json\/wp\/v2\/pages\/215\/revisions\/221"}],"wp:attachment":[{"href":"https:\/\/szarak-kanczuga.pl\/index.php\/wp-json\/wp\/v2\/media?parent=215"}],"curies":[{"name":"wp","href":"https:\/\/api.w.org\/{rel}","templated":true}]}}