{"id":40,"date":"2017-03-05T16:11:12","date_gmt":"2017-03-05T15:11:12","guid":{"rendered":"http:\/\/szarak-kanczuga.pl\/?page_id=40"},"modified":"2024-03-30T13:24:47","modified_gmt":"2024-03-30T12:24:47","slug":"zarzad","status":"publish","type":"page","link":"https:\/\/szarak-kanczuga.pl\/index.php\/zarzad\/","title":{"rendered":"Zarz\u0105d"},"content":{"rendered":"<p><strong>Sk\u0142ad Zarz\u0105du Ko\u0142a:<br \/>\n<\/strong>Prezes \u2013&nbsp;Jacek Majewski<br \/>\n\u0141owczy \u2013 Adam Blok<br \/>\nSkarbnik \u2013 \u0141ukasz Bawor<br \/>\nSekretarz \u2013 Justyna Majewska<\/p>\n<p><strong>Komisja Rewizyjna:<br \/>\n<\/strong>Przewodnicz\u0105cy \u2013 Janusz Mo\u0142o\u0144<br \/>\ncz\u0142onek &#8211; Artur Dyrda<br \/>\ncz\u0142onek &#8211; Andrzej Mroziak<\/p>\n","protected":false},"excerpt":{"rendered":"<p>Sk\u0142ad Zarz\u0105du Ko\u0142a: Prezes \u2013&nbsp;Jacek Majewski \u0141owczy \u2013 Adam Blok Skarbnik \u2013 \u0141ukasz Bawor Sekretarz \u2013 Justyna Majewska Komisja Rewizyjna: Przewodnicz\u0105cy \u2013 Janusz Mo\u0142o\u0144 cz\u0142onek &#8211; Artur Dyrda cz\u0142onek &#8211; Andrzej Mroziak<\/p>\n","protected":false},"author":1,"featured_media":0,"parent":0,"menu_order":0,"comment_status":"closed","ping_status":"closed","template":"","meta":{"_monsterinsights_skip_tracking":false,"_monsterinsights_sitenote_active":false,"_monsterinsights_sitenote_note":"","_monsterinsights_sitenote_category":0,"ngg_post_thumbnail":0,"footnotes":""},"class_list":["post-40","page","type-page","status-publish","hentry"],"_links":{"self":[{"href":"https:\/\/szarak-kanczuga.pl\/index.php\/wp-json\/wp\/v2\/pages\/40"}],"collection":[{"href":"https:\/\/szarak-kanczuga.pl\/index.php\/wp-json\/wp\/v2\/pages"}],"about":[{"href":"https:\/\/szarak-kanczuga.pl\/index.php\/wp-json\/wp\/v2\/types\/page"}],"author":[{"embeddable":true,"href":"https:\/\/szarak-kanczuga.pl\/index.php\/wp-json\/wp\/v2\/users\/1"}],"replies":[{"embeddable":true,"href":"https:\/\/szarak-kanczuga.pl\/index.php\/wp-json\/wp\/v2\/comments?post=40"}],"version-history":[{"count":5,"href":"https:\/\/szarak-kanczuga.pl\/index.php\/wp-json\/wp\/v2\/pages\/40\/revisions"}],"predecessor-version":[{"id":2408,"href":"https:\/\/szarak-kanczuga.pl\/index.php\/wp-json\/wp\/v2\/pages\/40\/revisions\/2408"}],"wp:attachment":[{"href":"https:\/\/szarak-kanczuga.pl\/index.php\/wp-json\/wp\/v2\/media?parent=40"}],"curies":[{"name":"wp","href":"https:\/\/api.w.org\/{rel}","templated":true}]}}