{"id":63,"date":"2017-03-05T17:39:15","date_gmt":"2017-03-05T16:39:15","guid":{"rendered":"http:\/\/szarak-kanczuga.pl\/?page_id=63"},"modified":"2021-04-14T13:34:19","modified_gmt":"2021-04-14T11:34:19","slug":"do-pobrania","status":"publish","type":"page","link":"https:\/\/szarak-kanczuga.pl\/index.php\/do-pobrania\/","title":{"rendered":"Do pobrania"},"content":{"rendered":"<p><a href=\"http:\/\/szarak-kanczuga.pl\/wp-content\/uploads\/2017\/03\/50-lat-K.\u0141.-SZARAK.pdf\">50 lat &#8211; Ko\u0142a \u0141owieckieg &#8220;Szarak&#8221; w Ka\u0144czudze<\/a><\/p>\n<p><a href=\"http:\/\/szarak-kanczuga.pl\/wp-content\/uploads\/2017\/03\/60-lecie-Ko\u0142a-\u0141owieckiego-SZARAK.pdf\">60 lecie Ko\u0142a \u0141owieckiego SZARAK<\/a><\/p>\n<p>&nbsp;<\/p>\n<p><a href=\"http:\/\/szarak-kanczuga.pl\/index.php\/do-pobrania\/wniosek_przyjecia_na_staz_2014\/\" rel=\"attachment wp-att-194\">Wniosek przyj\u0119cia na sta\u017c<\/a><\/p>\n<p><a href=\"http:\/\/szarak-kanczuga.pl\/index.php\/do-pobrania\/podanie_o_przyjecie_w_poczet_czlonkow_niestowarzyszonych_z_kolem_lowieckim-_nowe\/\" rel=\"attachment wp-att-347\">Podanie o przyj\u0119cie w poczet cz\u0142onk\u00f3w niestowarzyszonych z ko\u0142em \u0142owieckim<\/a><\/p>\n<p>&nbsp;<\/p>\n<p><a href=\"http:\/\/szarak-kanczuga.pl\/index.php\/do-pobrania\/zalacznik_do_sprawozdania_z_polowania\/\" rel=\"attachment wp-att-352\">Za\u0142\u0105cznik do sprawozdania z polowania<\/a><\/p>\n<p><a href=\"http:\/\/szarak-kanczuga.pl\/index.php\/do-pobrania\/prot_czyn_gospodarczych-2\/\" rel=\"attachment wp-att-211\">Protok\u00f3\u0142 z czynno\u015bci gospodarczych<\/a><\/p>\n<p>&nbsp;<\/p>\n<p><a href=\"http:\/\/szarak-kanczuga.pl\/index.php\/do-pobrania\/umowa-sprzedazy-broni\/\" rel=\"attachment wp-att-348\">Umowa sprzeda\u017cy broni<\/a><\/p>\n<p><a href=\"http:\/\/szarak-kanczuga.pl\/index.php\/do-pobrania\/uzyczenie_broni\/\" rel=\"attachment wp-att-349\">U\u017cyczenie broni<\/a><\/p>\n<p><a href=\"http:\/\/szarak-kanczuga.pl\/index.php\/do-pobrania\/wzor_wniosku_o_uzyskanie_pozwolenia_na_bron_mysliwska-2\/\" rel=\"attachment wp-att-351\">Wniosek o uzyskanie pozwolenia na bro\u0144 my\u015bliwsk\u0105<\/a><\/p>\n<p>&nbsp;<\/p>\n<p><a href=\"http:\/\/szarak-kanczuga.pl\/index.php\/do-pobrania\/zgloszenie\/\" rel=\"attachment wp-att-191\">Wz\u00f3r zg\u0142oszenia szkody \u0142owieckiej<\/a><\/p>\n<p>&nbsp;<\/p>\n\n\n<div class=\"wp-block-file\"><a href=\"http:\/\/szarak-kanczuga.pl\/wp-content\/uploads\/2021\/04\/Deklaracja-do-kola-lowieckiego.pdf\">Deklaracja do ko\u0142a \u0142owieckiego<br><\/a><a href=\"http:\/\/szarak-kanczuga.pl\/wp-content\/uploads\/2021\/04\/Deklaracja-do-kola-lowieckiego.pdf\" class=\"wp-block-file__button\" download>Pobierz<\/a><\/div>\n","protected":false},"excerpt":{"rendered":"<p>50 lat &#8211; Ko\u0142a \u0141owieckieg &#8220;Szarak&#8221; w Ka\u0144czudze 60 lecie Ko\u0142a \u0141owieckiego SZARAK &nbsp; Wniosek przyj\u0119cia na sta\u017c Podanie o przyj\u0119cie w poczet cz\u0142onk\u00f3w niestowarzyszonych z ko\u0142em \u0142owieckim &nbsp; Za\u0142\u0105cznik do sprawozdania z polowania Protok\u00f3\u0142 z czynno\u015bci gospodarczych &nbsp; Umowa &hellip; <a href=\"https:\/\/szarak-kanczuga.pl\/index.php\/do-pobrania\/\">Czytaj dalej <span class=\"meta-nav\">&rarr;<\/span><\/a><\/p>\n","protected":false},"author":1,"featured_media":0,"parent":0,"menu_order":0,"comment_status":"closed","ping_status":"closed","template":"","meta":{"_monsterinsights_skip_tracking":false,"_monsterinsights_sitenote_active":false,"_monsterinsights_sitenote_note":"","_monsterinsights_sitenote_category":0,"ngg_post_thumbnail":0,"footnotes":""},"class_list":["post-63","page","type-page","status-publish","hentry"],"_links":{"self":[{"href":"https:\/\/szarak-kanczuga.pl\/index.php\/wp-json\/wp\/v2\/pages\/63"}],"collection":[{"href":"https:\/\/szarak-kanczuga.pl\/index.php\/wp-json\/wp\/v2\/pages"}],"about":[{"href":"https:\/\/szarak-kanczuga.pl\/index.php\/wp-json\/wp\/v2\/types\/page"}],"author":[{"embeddable":true,"href":"https:\/\/szarak-kanczuga.pl\/index.php\/wp-json\/wp\/v2\/users\/1"}],"replies":[{"embeddable":true,"href":"https:\/\/szarak-kanczuga.pl\/index.php\/wp-json\/wp\/v2\/comments?post=63"}],"version-history":[{"count":11,"href":"https:\/\/szarak-kanczuga.pl\/index.php\/wp-json\/wp\/v2\/pages\/63\/revisions"}],"predecessor-version":[{"id":1778,"href":"https:\/\/szarak-kanczuga.pl\/index.php\/wp-json\/wp\/v2\/pages\/63\/revisions\/1778"}],"wp:attachment":[{"href":"https:\/\/szarak-kanczuga.pl\/index.php\/wp-json\/wp\/v2\/media?parent=63"}],"curies":[{"name":"wp","href":"https:\/\/api.w.org\/{rel}","templated":true}]}}