{"id":86,"date":"2017-03-05T18:55:46","date_gmt":"2017-03-05T17:55:46","guid":{"rendered":"http:\/\/szarak-kanczuga.pl\/?page_id=86"},"modified":"2017-03-05T21:02:53","modified_gmt":"2017-03-05T20:02:53","slug":"o-nas","status":"publish","type":"page","link":"https:\/\/szarak-kanczuga.pl\/index.php\/o-nas\/","title":{"rendered":"O nas"},"content":{"rendered":"<p>Ko\u0142o\u00a0powsta\u0142o w\u00a01948 roku, jego za\u0142o\u017cycielami byli Stanis\u0142aw Zaj\u0105c, Jan Chmura, Marcin K\u0105dzio\u0142ka. Dzi\u0119ki ich inicjatywie mo\u017cemy teraz \u015bwi\u0119towa\u0107 jubileusz 60 lat. Ko\u0142o w przesz\u0142o\u015bci nosi\u0142o r\u00f3\u017cne nazwy: \u201eJele\u0144&#8221;, Nr-24, Nr-2, a aktualnie \u201eSzarak&#8221;.<\/p>\n<p>W 1998 roku obchodzili\u015bmy jubileusz 50-lecia istnienia, na spotkaniu tymi otrzymali\u015bmy wiele gratulacji i upomink\u00f3w, mi\u0119dzy innymi czek o warto\u015bci 5 000 z\u0142otych od Kolegi Antoniego Kubickiego, z przeznaczeniem na zakup Sztandaru.<\/p>\n<p>Staraniem Zarz\u0105du Ko\u0142a w sk\u0142adzie Prezes &#8211; Stanis\u0142aw Pakla, Vice Prezes &#8211; Zbigniew Jakielaszek, \u0141owczy &#8211; Edward Blok, Vice \u0141owczy &#8211; Pawe\u0142 Orzechowski, Skarbnik &#8211; Zbigniew Zaj\u0105c, Sekretarz &#8211; Stanis\u0142aw Mazurek, w 1999 roku Sztandar zosta\u0142 zakupiony. Natomiast we wrze\u015bniu 1999 r. odby\u0142o si\u0119 jego po\u015bwi\u0119cenie z wbijaniem pami\u0105tkowych gwo\u017adzi.<\/p>\n<p>W 2003 roku Sztandar Ko\u0142a zosta\u0142 odznaczony przez Kapitu\u0142\u0119 Odznacze\u0144 \u0141owieckich w Warszawie &#8211; Z\u0142otym Medalem Zas\u0142ugi dla \u0141owiectwa. W roku 2004 Kapitu\u0142a Odznacze\u0144 \u0141owieckich w Przemy\u015blu przyzna\u0142a Medal za Zas\u0142ugi dla \u0141owiectwa Okr\u0119gu Przemyskiego.<\/p>\n<p>Ko\u0142o dzier\u017cawi 17 225 ha, w tym 1 279 ha las\u00f3w. Od kilku lat corocznie wysadzamy kilka tysi\u0119cy sadzonek, we wsp\u00f3\u0142pracy z Nadle\u015bnictwem Ka\u0144czuga. Tereny Ko\u0142a \u201eSzarak&#8221; w latach wcze\u015bniejszych by\u0142y zasobne w zaj\u0105ce. \u00d3wczesny Zarz\u0105d organizow a\u0142 od\u0142owy zaj\u0119cy i ich sprzeda\u017c, co zasila\u0142o finanse w Kole. W p\u00f3\u017aniejszym czasie populacja zaj\u0105ca gwa\u0142townie zacz\u0119\u0142a spada\u0107, w zwi\u0105zku z tym Zarz\u0105d Ko\u0142a zrezygnowa\u0142 z od\u0142ow\u00f3w.<\/p>\n<p>Stan sarny na naszym terenie jest dobry. Aby stan finansowy ko\u0142a nie zmniejsza\u0142 si\u0119 postanowiono organizowa\u0107 polowania dewizowe na sarny &#8211; rogacze, polowania te utrzymuj\u0105 si\u0119 do dnia dzisiejszego.<\/p>\n<p>W roku 2003 zmar\u0142 d\u0142ugoletni cz\u0142onek naszego Ko\u0142a &#8211; cz\u0142onek zarz\u0105du &#8211; prezes, skarbnik, sekretarz &#8211; Kolega Zbigniew Zaj\u0105c. By\u0142 odznaczony medalami za zas\u0142ugi dla \u0142owiectwa.<\/p>\n<p>W roku 2003 na miejsce skarbnika zosta\u0142 powo\u0142any Kolega Mazur Stanis\u0142aw. Na zebraniu sprawozdawczo &#8211; wyborczym w 2005 r. zrezygnowa\u0142 z pe\u0142nienia funkcji vice prezesa Kolega Zbigniew<\/p>\n<p>Jakielaszek. Na w\u0142asn\u0105 pro\u015bb\u0119 ze wzgl\u0119du na wiek i stan zdrowia zrezygnowa\u0142 z funkcji \u0142owczego &#8211; Kolega Edward Blok. Walne zgromadzenie wybra\u0142o nowy Zarz\u0105d w sk\u0142adzie: Prezes &#8211; Stanis\u0142aw Pakla, \u0141owczy &#8211; Jan Zygmunt, Skarbnik &#8211; Stanis\u0142aw Mazur, Sekretarz &#8211; Stanis\u0142aw Mazurek.<\/p>\n<p>W dalszym ci\u0105gu gospodarka \u0142owiecka i finansowa jest utrzymana w dobrym stanie. Na naszych obwodach s\u0105 uprawiane poletka p\u0119dowo-zgryzowe i os\u0142onowo-\u017cerow<sup>r<\/sup>e, o powierzchni 7 ha, aby zwierzyna wyrz\u0105dza\u0142a jak najmniejsze szkody rolnikom.<\/p>\n<p>Od wielu lat zostaj\u0105 zasilane corocznie \u0142owiska &#8211; zakupem ba\u017cant\u00f3w z hodowli. Przeci\u0119tnie 100 ba\u017cant\u00f3w na jeden obw\u00f3d \u0142owiecki (oko\u0142o 350 sztuk). Na zimowe dokarmianie kupujemy rocznie w granicach 25 ton soczystej karmy (buraki) i 25 ton karmy suchej (kukurydza, pszenica). Wszystkie prace zwi\u0105zane z upraw\u0105 poletek, jak r\u00f3wnie\u017c z dokarmianiem zwierzyny s\u0105 pracami spo\u0142ecznymi wykonyw anymi przez Koleg\u00f3w My\u015bliwych.<\/p>\n<p>Otrzymujemy r\u00f3wnie\u017c dotacje od Burmistrza Miasta i Gminy Ka\u0144czuga &#8211; Pana Jacka So\u0142ka. Finanse te przeznaczane s\u0105 na zakup karmy na zimowe dokarmianie zwierz\u0105t. Wielu Koleg\u00f3w przeznacza tak\u017ce w\u0142asna karm\u0119 na rzecz Ko\u0142a. Dzi\u0119ki temu stan finansowy Ko\u0142a jest dodatni.<\/p>\n<p>W ci\u0105gu 10 lat odeszli z naszego grona do Krainy Wiecznych \u0141ow\u00f3w Koledzy: Mieczys\u0142aw \u017byga, Mieczys\u0142aw Cichy , Adam Ruszel, Zbigniew Zaj\u0105c, Mieczys\u0142aw Pasierb, J\u00f3zef Golonka, Piotr G\u0105sior, Jan G\u0105sior. W tym okresie do naszego grona przyby\u0142o 14-tu nowych Koleg\u00f3w My\u015bliwych.<\/p>\n<p><a href=\"http:\/\/szarak-kanczuga.pl\/index.php\/o-nas\/zloty-medal\/\" rel=\"attachment wp-att-97\"><img loading=\"lazy\" decoding=\"async\" class=\"alignnone size-medium wp-image-97\" src=\"http:\/\/szarak-kanczuga.pl\/wp-content\/uploads\/2017\/03\/zloty-medal-300x140.jpg\" alt=\"\" width=\"300\" height=\"140\" srcset=\"https:\/\/szarak-kanczuga.pl\/wp-content\/uploads\/2017\/03\/zloty-medal-300x140.jpg 300w, https:\/\/szarak-kanczuga.pl\/wp-content\/uploads\/2017\/03\/zloty-medal.jpg 496w\" sizes=\"(max-width: 300px) 100vw, 300px\" \/><\/a><\/p>\n<table>\n<tbody>\n<tr>\n<td>Z\u0142oty Medal Zas\u0142ugi \u0141owieckiej nadany w 2003 r.<\/td>\n<\/tr>\n<\/tbody>\n<\/table>\n<p>&nbsp;<\/p>\n<p>Kapitu\u0142a Odznacze\u0144 \u0141owieckich w Warszawie przyzna\u0142a za prac\u0119 i zaanga\u017cowanie na rzecz \u0142owiectwa Kolegom My\u015bliwym naszego Ko\u0142a medale &#8211; 1 z\u0142oty, 6 srebrnych, 9 br\u0105zowych. Natomiast Kapitu\u0142a Odznacze\u0144 \u0141owieckich w Przemy\u015blu przyzna\u0142a wiele medali za zas\u0142ugi dla \u0141owiectwa Okr\u0119gu Przemyskiego.<\/p>\n<p>Od wielu lat reprezentacja Ko\u0142a \u201eSzarak&#8221; uczestniczy w zawodach Strzelectwa My\u015bliwskiego Okr\u0119gu Przemyskiego, w<sup>7<\/sup> klasie powszechnej, zajmuj\u0105c czo\u0142owe miejsca w okr\u0119gu. Kolega Adam Blok zosta\u0142 2-krotnie powo\u0142any do dru\u017cyny reprezentuj\u0105cej Okr\u0119g Przemyski na Mistrzostwach Polski w Klasie Powszechnej, w Rzeszowie i Olsztynie.<\/p>\n<p>Corocznie Zarz\u0105d Ko\u0142a organizuje przed Hubertowskim Polowaniem &#8211; Msz\u0119 \u015awi\u0119t\u0105, a potem tradycyjne spotkanie rodzin my\u015bliwskich.<\/p>\n<p>Stanis\u0142aw Pakla<\/p>\n","protected":false},"excerpt":{"rendered":"<p>Ko\u0142o\u00a0powsta\u0142o w\u00a01948 roku, jego za\u0142o\u017cycielami byli Stanis\u0142aw Zaj\u0105c, Jan Chmura, Marcin K\u0105dzio\u0142ka. Dzi\u0119ki ich inicjatywie mo\u017cemy teraz \u015bwi\u0119towa\u0107 jubileusz 60 lat. Ko\u0142o w przesz\u0142o\u015bci nosi\u0142o r\u00f3\u017cne nazwy: \u201eJele\u0144&#8221;, Nr-24, Nr-2, a aktualnie \u201eSzarak&#8221;. W 1998 roku obchodzili\u015bmy jubileusz 50-lecia istnienia, &hellip; <a href=\"https:\/\/szarak-kanczuga.pl\/index.php\/o-nas\/\">Czytaj dalej <span class=\"meta-nav\">&rarr;<\/span><\/a><\/p>\n","protected":false},"author":1,"featured_media":0,"parent":0,"menu_order":0,"comment_status":"closed","ping_status":"closed","template":"","meta":{"_monsterinsights_skip_tracking":false,"_monsterinsights_sitenote_active":false,"_monsterinsights_sitenote_note":"","_monsterinsights_sitenote_category":0,"ngg_post_thumbnail":0,"footnotes":""},"class_list":["post-86","page","type-page","status-publish","hentry"],"_links":{"self":[{"href":"https:\/\/szarak-kanczuga.pl\/index.php\/wp-json\/wp\/v2\/pages\/86"}],"collection":[{"href":"https:\/\/szarak-kanczuga.pl\/index.php\/wp-json\/wp\/v2\/pages"}],"about":[{"href":"https:\/\/szarak-kanczuga.pl\/index.php\/wp-json\/wp\/v2\/types\/page"}],"author":[{"embeddable":true,"href":"https:\/\/szarak-kanczuga.pl\/index.php\/wp-json\/wp\/v2\/users\/1"}],"replies":[{"embeddable":true,"href":"https:\/\/szarak-kanczuga.pl\/index.php\/wp-json\/wp\/v2\/comments?post=86"}],"version-history":[{"count":7,"href":"https:\/\/szarak-kanczuga.pl\/index.php\/wp-json\/wp\/v2\/pages\/86\/revisions"}],"predecessor-version":[{"id":183,"href":"https:\/\/szarak-kanczuga.pl\/index.php\/wp-json\/wp\/v2\/pages\/86\/revisions\/183"}],"wp:attachment":[{"href":"https:\/\/szarak-kanczuga.pl\/index.php\/wp-json\/wp\/v2\/media?parent=86"}],"curies":[{"name":"wp","href":"https:\/\/api.w.org\/{rel}","templated":true}]}}